{"id":3001,"date":"2018-10-01T12:01:56","date_gmt":"2018-10-01T16:01:56","guid":{"rendered":"http:\/\/haiti-observateur.ca\/?page_id=2574"},"modified":"2018-10-01T12:01:56","modified_gmt":"2018-10-01T16:01:56","slug":"media","status":"publish","type":"page","link":"https:\/\/haiti-observateur.ca\/?page_id=3001","title":{"rendered":"M\u00e9dia"},"content":{"rendered":"<header class=\"entry-header\">\n<h1 class=\"entry-title\">M\u00e9dia<\/h1>\n<\/header>\n<div class=\"entry-content\">\n<p><strong>Courrier International<\/strong><\/p>\n<ul>\n<li>Comme les autres titres destin\u00e9s \u00e0 la diaspora ha\u00eftienne, Fond\u00e9 en 1971\u00a0<em>Ha\u00efti Observateur<\/em>\u00a0est \u00e9dit\u00e9 aux Etats-Unis.\n<ul>\n<li><a href=\"https:\/\/www.courrierinternational.com\/notule-source\/haiti-observateur\">Sa ligne \u00e9ditoriale est proche de Marc Bazin, le rival malheureux du p\u00e8re Aristide lors des \u00e9lections de d\u00e9cembre\u00a01990.<\/a><\/li>\n<\/ul>\n<\/li>\n<li>Wikip\u00e9dia\n<ul>\n<li><a href=\"https:\/\/en.wikipedia.org\/wiki\/Ha%C3%AFti_Observateur\">weekly newspaper Ha\u00efti-Observateur<\/a><\/li>\n<\/ul>\n<\/li>\n<li>Le Devoir , mardi 2 mai 1972 Clair-obscur sur Ha\u00efti, P.1, 2 (citation fin article en P.2)\n<ul>\n<li>https:\/\/numerique.banq.qc.ca\/patrimoine\/details\/52327\/2774073<\/li>\n<\/ul>\n<\/li>\n<li>Quelques heures apr\u00e8s le s\u00e9isme qui a touch\u00e9 Ha\u00efti le 12 janvier, l\u2019hebdomadaire constate les premiers d\u00e9g\u00e2ts dans la capitale\n<ul>\n<li><a href=\"https:\/\/www.courrierinternational.com\/une\/2010\/01\/13\/premier-bilan\">premier bilan post s\u00e9isme 2010<\/a><\/li>\n<\/ul>\n<\/li>\n<li><a href=\"https:\/\/www.nysun.com\/new-york\/seeking-a-cure-for-cynicism-try-raymond-josephs\/88995\/\">Seeking a cure for Cynicism ?<\/a>\u00a0\/ New-York Sun \/ by\u00a0<a href=\"https:\/\/en.wikipedia.org\/wiki\/Seth_Lipsky\">Seth Lipsky<\/a>\n<ul>\n<li>Ray Joseph \/ \u00ab\u00a0<a href=\"https:\/\/www.nysun.com\/new-york\/seeking-a-cure-for-cynicism-try-raymond-josephs\/88995\/\">For whom the dogs spy<\/a>\u00a0\u00bb<\/li>\n<li><a href=\"https:\/\/commons.wikimedia.org\/wiki\/File:Raymond_Joseph,_Haiti%27s_Ambassador_to_the_U.S.,_kisses_the_hand_of_First_Lady_Michelle_Obama,_2010.jpg\">Wikim\u00e9dia Commons \u00ab kisses the hands ofthe first lady Michelle Obama \u00bb<\/a><\/li>\n<li><a href=\"https:\/\/en.wikipedia.org\/wiki\/Raymond_Joseph\">Raymond Alcide Joseph<\/a>\u00a0\/ Wikip\u00e9dia<\/li>\n<li><a href=\"https:\/\/washdiplomat.com\/index.php?option=com_content&amp;view=article&amp;id=6548:-doll-from-haiti-&amp;catid=987:march-2008&amp;Itemid=270\">Ray Joseph ; The Washington Diplomat \/ Doll from Haiti<\/a><\/li>\n<\/ul>\n<\/li>\n<li><a href=\"https:\/\/nypost.com\/2015\/01\/07\/lessons-in-liberty-from-a-great-haitian-journalist\/amp\/\">Lessons in liberty from a great Haitian journalist<\/a>\n<ul>\n<li><a href=\"https:\/\/thenypost.files.wordpress.com\/2015\/01\/obama-8.jpg?quality=90&amp;strip=all&amp;w=978\">Raymond Joseph;<\/a>\u00a0\u2013\u00a0<a href=\"https:\/\/wiki2.org\/en\/Raymond_Joseph\">3<\/a>\u00a0\u2013<\/li>\n<\/ul>\n<\/li>\n<\/ul>\n<hr \/>\n<div style=\"width: 430px\" class=\"wp-caption aligncenter\"><a href=\"https:\/\/commons.wikimedia.org\/wiki\/File:Raymond_Joseph,_Haiti%27s_Ambassador_to_the_U.S.,_kisses_the_hand_of_First_Lady_Michelle_Obama,_2010.jpg\"><img loading=\"lazy\" decoding=\"async\" src=\"http:\/\/haiti-observateur.ca\/wp-content\/uploads\/2018\/10\/obama-9-768x512-1-1.jpg\" alt=\"\" width=\"420\" height=\"280\" \/><\/a><p class=\"wp-caption-text\">kisses the hands of the first lady<\/p><\/div>\n<div style=\"width: 428px\" class=\"wp-caption aligncenter\"><a href=\"https:\/\/nypost.com\/2015\/01\/07\/lessons-in-liberty-from-a-great-haitian-journalist\/amp\/\"><img loading=\"lazy\" decoding=\"async\" src=\"https:\/\/thenypost.files.wordpress.com\/2015\/01\/obama-8.jpg?quality=90&amp;strip=all&amp;w=978\" alt=\"\" width=\"418\" height=\"279\" \/><\/a><p class=\"wp-caption-text\">Raymond Joseph \/ New-York Post, janvier 2015<\/p><\/div>\n<p><span style=\"color: #000000;\"><strong>Le Devoir, mercredi 6 ao\u00fbt 1986<\/strong><\/span><\/p>\n<\/div>\n<ul>\n<li><span style=\"color: #000000;\">Page 1 et 8 \u00ab\u00catre Ha\u00eftien \u00e0 Montr\u00e9al &#8211; I. davantage une affaire de bile que de ville\u00bb par Andr\u00e9 Lachance<\/span><\/li>\n<li class=\"entry-content\"><span style=\"color: #000000;\"> lien BANQ num\u00e9rique : <a style=\"color: #000000;\" href=\"https:\/\/numerique.banq.qc.ca\/patrimoine\/details\/52327\/2763184\">https:\/\/numerique.banq.qc.ca\/patrimoine\/details\/52327\/2763184<\/a><\/span><\/li>\n<li>\n<div><span style=\"color: #000000;\">\u00abG\u00e9rard Louis-Jacques, journaliste \u00e0 l\u2019hebdomadaire Ha\u00efti-Observateur \u00e0 Montr\u00e9al, l\u2019un des fleurons de la presse dite \u00ab ethnique \u00bb aux \u00c9tats-Unis et au Canada, estime&#8230;\u00bb,\u00a0<\/span><\/div>\n<\/li>\n<\/ul>\n<p><span style=\"color: #000000;\"><strong>Alterpresse<\/strong><\/span><\/p>\n<ul>\n<li><span style=\"color: #000000;\"><i>\u00abDany Laferri\u00e8re vient de publier aux Editions M\u00e9moire d\u2019encrier l\u2019ouvrage Les ann\u00e9es 80 dans ma vieille Ford<\/i><\/span><\/li>\n<li><span style=\"color: #000000;\">Cet ouvrage rassemble des \u00e9crits de Laferri\u00e8re, dat\u00e9s de 1984 et 1986, i[&#8230;]. Ces chroniques, publi\u00e9es dans le journal ha\u00eftien Ha\u00efti-Observateur \u00e0 New York, montrent Dany Laferri\u00e8re au d\u00e9but de sa carri\u00e8re\u00bb<\/span><\/li>\n<li><span style=\"color: #000000;\"> Montr\u00e9al, octobre 2005 &#8211;\u00a0<a style=\"color: #000000;\" href=\"https:\/\/www.alterpresse.org\/spip.php?article3564\">https:\/\/www.alterpresse.org\/spip.php?article3564<\/a><\/span><\/li>\n<\/ul>\n<p><span style=\"color: #000000;\"><strong>Christian Science Monitor<\/strong><\/span><\/p>\n<ul>\n<li>Wyclef Jean&rsquo;s uncle to run for president of Haiti, july 2010<\/li>\n<li>https:\/\/www.csmonitor.com\/World\/Americas\/2010\/0727\/Wyclef-Jean-s-uncle-to-run-for-president-of-Haiti<\/li>\n<li>&lsquo;From 1991 to 2004, Joseph went back to leading his newspaper Haiti-Observateur, where he remained until he was called back to Washington in March 2004&rsquo;<\/li>\n<\/ul>\n<p><span style=\"color: #000000;\"><strong>La Presse<\/strong><\/span><\/p>\n<div class=\"screenTitle\">\n<ul>\n<li><span style=\"color: #000000;\"><i>\u00ab<\/i>LES LIGNES HORIZONTALES M. LAFERRI\u00c8RE, [&#8230;]. <\/span><em>On m\u2019explique qu\u2019il s\u2019agit d\u2019un recueil de chroniques de Laferri\u00e8re publi\u00e9es dans les pages de l\u2019hebdomadaire\u00a0<span class=\"contextmenu quote\">Ha\u00efti-Observateur<\/span>, journal ha\u00eftien de New York, dont la direction avait donn\u00e9 carte blanche \u00e0 Laferri\u00e8re<\/em><span style=\"color: #000000;\">\u00bb<\/span><\/li>\n<li>\u00e9dition 4 octobre 2015 &#8211; <a href=\"https:\/\/plus.lapresse.ca\/screens\/902755de-51cf-4128-b1cf-926331629125%7C_0.html\">https:\/\/plus.lapresse.ca\/screens\/902755de-51cf-4128-b1cf-926331629125%7C_0.html<\/a><\/li>\n<\/ul>\n<\/div>\n<div class=\"articleTitle\">\n<p><strong style=\"color: #000000;\">New York Sun<\/strong><\/p>\n<\/div>\n<ul>\n<li><span style=\"color: #000000;\"><a style=\"color: #000000;\" href=\"https:\/\/www.nysun.com\/editorials\/a-tribune-of-democracy-for-interim-president\/91700\/\">https:\/\/www.nysun.com\/editorials\/a-tribune-of-democracy-for-interim-president\/91700\/<\/a><\/span><\/li>\n<\/ul>\n<p><span style=\"color: #000000;\">.<\/span><\/p>\n","protected":false},"excerpt":{"rendered":"<p>M\u00e9dia Courrier International Comme les autres titres destin\u00e9s \u00e0 la diaspora ha\u00eftienne, Fond\u00e9 en 1971\u00a0Ha\u00efti Observateur\u00a0est \u00e9dit\u00e9 aux Etats-Unis. Sa ligne \u00e9ditoriale est proche de Marc Bazin, le rival malheureux du p\u00e8re Aristide lors des \u00e9lections de d\u00e9cembre\u00a01990. Wikip\u00e9dia weekly&#8230; <\/p>\n","protected":false},"author":2,"featured_media":2078,"parent":17,"menu_order":0,"comment_status":"closed","ping_status":"closed","template":"home-layout-classic.php","meta":{"footnotes":""},"class_list":["post-3001","page","type-page","status-publish","has-post-thumbnail","hentry"],"_links":{"self":[{"href":"https:\/\/haiti-observateur.ca\/index.php?rest_route=\/wp\/v2\/pages\/3001","targetHints":{"allow":["GET"]}}],"collection":[{"href":"https:\/\/haiti-observateur.ca\/index.php?rest_route=\/wp\/v2\/pages"}],"about":[{"href":"https:\/\/haiti-observateur.ca\/index.php?rest_route=\/wp\/v2\/types\/page"}],"author":[{"embeddable":true,"href":"https:\/\/haiti-observateur.ca\/index.php?rest_route=\/wp\/v2\/users\/2"}],"replies":[{"embeddable":true,"href":"https:\/\/haiti-observateur.ca\/index.php?rest_route=%2Fwp%2Fv2%2Fcomments&post=3001"}],"version-history":[{"count":0,"href":"https:\/\/haiti-observateur.ca\/index.php?rest_route=\/wp\/v2\/pages\/3001\/revisions"}],"up":[{"embeddable":true,"href":"https:\/\/haiti-observateur.ca\/index.php?rest_route=\/wp\/v2\/pages\/17"}],"wp:featuredmedia":[{"embeddable":true,"href":"https:\/\/haiti-observateur.ca\/index.php?rest_route=\/"}],"wp:attachment":[{"href":"https:\/\/haiti-observateur.ca\/index.php?rest_route=%2Fwp%2Fv2%2Fmedia&parent=3001"}],"curies":[{"name":"wp","href":"https:\/\/api.w.org\/{rel}","templated":true}]}}